{"id":63,"date":"2015-07-20T11:16:27","date_gmt":"2015-07-20T11:16:27","guid":{"rendered":"http:\/\/demo.themegrill.com\/himalayas\/?page_id=63"},"modified":"2021-10-22T18:48:08","modified_gmt":"2021-10-22T18:48:08","slug":"iverson","status":"publish","type":"page","link":"https:\/\/dritrip.com\/index.php\/iverson\/","title":{"rendered":"Iverson Bruno"},"content":{"rendered":"<p>Viajar \u00e9&#8230; Perder o ar, o ch\u00e3o e a si mesmo. Mas \u00e9 perder para depois se achar, s\u00f3 que diferente, renovado e melhor. Muito prazer, estou a sua disposi\u00e7\u00e3o.<\/p>\n\n\n<p><\/p>\n","protected":false},"excerpt":{"rendered":"<p>Viajar \u00e9&#8230; Perder o ar, o ch\u00e3o e a si mesmo. Mas \u00e9 perder para depois se achar, s\u00f3 que diferente, renovado e melhor. Muito<\/p>\n","protected":false},"author":1,"featured_media":349,"parent":0,"menu_order":0,"comment_status":"open","ping_status":"closed","template":"page-templates\/template-team.php","meta":{"_monsterinsights_skip_tracking":false,"_monsterinsights_sitenote_active":false,"_monsterinsights_sitenote_note":"","_monsterinsights_sitenote_category":0,"footnotes":""},"class_list":["post-63","page","type-page","status-publish","has-post-thumbnail","hentry"],"_links":{"self":[{"href":"https:\/\/dritrip.com\/index.php\/wp-json\/wp\/v2\/pages\/63","targetHints":{"allow":["GET"]}}],"collection":[{"href":"https:\/\/dritrip.com\/index.php\/wp-json\/wp\/v2\/pages"}],"about":[{"href":"https:\/\/dritrip.com\/index.php\/wp-json\/wp\/v2\/types\/page"}],"author":[{"embeddable":true,"href":"https:\/\/dritrip.com\/index.php\/wp-json\/wp\/v2\/users\/1"}],"replies":[{"embeddable":true,"href":"https:\/\/dritrip.com\/index.php\/wp-json\/wp\/v2\/comments?post=63"}],"version-history":[{"count":3,"href":"https:\/\/dritrip.com\/index.php\/wp-json\/wp\/v2\/pages\/63\/revisions"}],"predecessor-version":[{"id":399,"href":"https:\/\/dritrip.com\/index.php\/wp-json\/wp\/v2\/pages\/63\/revisions\/399"}],"wp:featuredmedia":[{"embeddable":true,"href":"https:\/\/dritrip.com\/index.php\/wp-json\/wp\/v2\/media\/349"}],"wp:attachment":[{"href":"https:\/\/dritrip.com\/index.php\/wp-json\/wp\/v2\/media?parent=63"}],"curies":[{"name":"wp","href":"https:\/\/api.w.org\/{rel}","templated":true}]}}